{"id":3421,"date":"2023-12-07T11:23:51","date_gmt":"2023-12-07T10:23:51","guid":{"rendered":"https:\/\/www.hotelpaglianza.it\/?page_id=3421"},"modified":"2025-10-13T16:51:27","modified_gmt":"2025-10-13T14:51:27","slug":"allgemeine-bedingungen","status":"publish","type":"page","link":"https:\/\/www.hotelpaglianza.it\/de\/allgemeine-bedingungen\/","title":{"rendered":"Allgemeine bedingungen"},"content":{"rendered":"\t\t<div data-elementor-type=\"wp-page\" data-elementor-id=\"3421\" class=\"elementor elementor-3421 elementor-2783\">\n\t\t\t\t<section class=\"elementor-element elementor-element-ce975a7 sec_contacts  contact-form-section light-bg mx-60 border-shape-top border-shape-bottom e-flex e-con-boxed e-con e-parent\" data-id=\"ce975a7\" data-element_type=\"container\" data-e-type=\"container\" id=\"custom_width\" data-settings=\"{&quot;background_background&quot;:&quot;classic&quot;}\">\n\t\t\t\t\t<div class=\"e-con-inner\">\n\t\t<div class=\"elementor-element elementor-element-a158962 e-flex e-con-boxed e-con e-child\" data-id=\"a158962\" data-element_type=\"container\" data-e-type=\"container\">\n\t\t\t\t\t<div class=\"e-con-inner\">\n\t\t\t\t<div class=\"elementor-element elementor-element-c8ccf83 elementor-widget elementor-widget-text-editor\" data-id=\"c8ccf83\" data-element_type=\"widget\" data-e-type=\"widget\" data-widget_type=\"text-editor.default\">\n\t\t\t\t<div class=\"elementor-widget-container\">\n\t\t\t\t\t\t\t\t\t<p><strong>ALLGEMEINE GESCH\u00c4FTSBEDINGUNGEN<\/strong><\/p><p><strong>FUTURA SERVICE s.r.l., mit Sitz in der Via G. Scaramuzzo 25\/B \u2013 71018 Vico del Gargano (FG), USt.-\/Steuernummer\/Handelsregisternr. 04468170719 REA CCIAA FG 330215, nachstehend \u201ePaglianza Hotel\u201c genannt<\/strong><\/p><p>Die Preise verstehen sich ohne die kommunale Kurtaxe.<\/p><p>Die Best\u00e4tigung einer Buchung erfordert die Zahlung einer Anzahlung in H\u00f6he von 30 % des Gesamtbetrags des Aufenthalts per Bank\u00fcberweisung oder Kreditkarte innerhalb der im Angebot angegebenen Frist. Der Restbetrag des Aufenthalts ist ebenfalls per Bank\u00fcberweisung oder Kreditkarte sp\u00e4testens f\u00fcnfzehn (15) Tage vor Beginn des Aufenthalts zu begleichen.<\/p><p><strong>RISIKOFREIE STORNIERUNG.<\/strong><\/p><p><strong>Stornierung der Buchung<\/strong>: bis zu f\u00fcnfzehn (15) Tage vor dem geplanten Anreisedatum wird der bereits gezahlte Betrag abz\u00fcglich einer Bearbeitungsgeb\u00fchr von 50,00 \u20ac f\u00fcr die R\u00fcckerstellungskosten erstattet.<\/p><p>Nach Ablauf dieser Frist gelten folgende Stornogeb\u00fchren:<\/p><ul><li>Vom vierzehnten (14.) bis zum vierten (4.) Tag vor dem geplanten Anreisedatum wird eine Stornogeb\u00fchr in H\u00f6he von drei\u00dfig Prozent (30 %) des Gesamtbetrags des Aufenthalts f\u00e4llig. Die verbleibenden siebzig Prozent (70 %) des bereits gezahlten Restbetrags werden in Form eines Gutscheins zur\u00fcckerstattet, der f\u00fcr eine neue Buchung w\u00e4hrend derselben Sommersaison und\/oder der darauffolgenden Saison verwendet werden kann;<\/li><li>Ab dem dritten (3.) Tag vor dem geplanten Anreisedatum wird eine Stornogeb\u00fchr in H\u00f6he von einhundert Prozent (100 %) des Gesamtbetrags des Aufenthalts erhoben.<\/li><\/ul><p><strong><em>ANKUNFT UND ABREISE<\/em><\/strong><\/p><p><u>CHECK-IN<\/u><\/p><p>Der Check-in an der Rezeption beginnt ab 10:00 Uhr.<br \/>Die Zimmer werden zugewiesen, sobald sie verf\u00fcgbar sind, sp\u00e4testens jedoch bis 16:30 Uhr am Anreisetag.<\/p><p>Bei der Ankunft m\u00fcssen alle G\u00e4ste, einschlie\u00dflich Minderj\u00e4hriger, einen g\u00fcltigen Ausweis vorlegen.<br \/>Zur Beschleunigung des Check-in-Vorgangs wird empfohlen, die Funktion \u201eOnline Check-in\u201c in der App zu nutzen.<\/p><p>\u00a0<\/p><p><em><u>CHECK-OUT<\/u><\/em><\/p><p>Die Zimmer m\u00fcssen am Abreisetag bis sp\u00e4testens 10:00 Uhr ger\u00e4umt werden.<br \/>Offene Betr\u00e4ge oder zus\u00e4tzliche Kosten sind sp\u00e4testens vierundzwanzig (24) Stunden vor der Abreise zu begleichen.<\/p><p>Bei vorzeitiger Abreise oder nicht in Anspruch genommenen Tagen und\/oder Mahlzeiten erfolgt keine R\u00fcckerstattung.<\/p><p>Aus Sicherheitsgr\u00fcnden und zum Zugang zu allen Inklusivleistungen sind die G\u00e4ste verpflichtet, das beim Check-in ausgegebene Identifikationsarmband des \u201ePaglianza Hotel\u201c zu tragen.<\/p><p><strong><u>Der Tarif \u201eSoft ALL INCLUSIVE\u201c beinhaltet:<\/u><\/strong><\/p><ul><li><strong><em>Vollpension<\/em><\/strong><em>: kontinentales Fr\u00fchst\u00fcck mit Buffetservice; Mittag- und Abendessen mit Auswahl aus mehreren ersten und zweiten G\u00e4ngen, direkt von unseren K\u00fcchenchefs serviert. Buffet mit Beilagen, Obst und Desserts. Hauswein, Softdrinks, gefiltertes Wasser und Bier vom Fass. Glutenfreies Men\u00fc auf Anfrage verf\u00fcgbar. F\u00fcr nicht konsumierte Mahlzeiten erfolgt keine R\u00fcckerstattung. Ein Ersatz-Picknickpaket kann am Vorabend direkt beim Restaurantleiter bestellt werden.<\/em><\/li><li><strong><em>STRANDSERVICE (verf\u00fcgbar ab 12:00 Uhr am Anreisetag bis 12:00 Uhr am Abreisetag)<\/em><\/strong><em>: 150 m entfernt, PRIVATSTRAND mit einem (1) Sonnenschirm und zwei (2) Liegen pro Zimmer (ab der dritten Reihe), Kanus, Tretboote, Dusche und sanit\u00e4re Anlagen.<\/em><\/li><li><strong><em>OPEN BAR IN DER HOTELHALLE<\/em><\/strong><em>: befindet sich in der Hauptbar der Halle, ge\u00f6ffnet von 09:30 bis 15:00 Uhr und von 16:30 bis 23:30 Uhr, mit unbegrenztem Konsum von Softdrinks vom Fass, Kaffee, Cappuccino, Tee, Kamille und Eis im Becher.<\/em><\/li><li><strong><em>OPEN BAR AM STRAND \u2013 \u201eTamerici Beach\u201c<\/em><\/strong><em> <strong>(vom 30.05. bis 12.09.2026 \u2013 09:00 bis 13:00 Uhr und 15:00 bis 19:00 Uhr): <\/strong>unbegrenzter Konsum von Wasser und Softdrinks vom Fass.<\/em><\/li><li><strong><em>\u201eWe are in Puglia\u201c<\/em><\/strong><em>: Freitagsabend ist der apulischen Tradition gewidmet \u2013 typisches Abendessen, Verkostung lokaler Produkte am Pool, Live-Musik oder DJ-Set.<\/em><\/li><\/ul><p><em>Leistungen verf\u00fcgbar vom <strong>13.06. bis 05.09.2026<\/strong>. Bei ung\u00fcnstigen Wetterbedingungen k\u00f6nnen Outdoor-Aktivit\u00e4ten abgesagt werden. In diesem Fall besteht kein Anspruch auf R\u00fcckerstattung oder Entsch\u00e4digung.<\/em><\/p><ul><li><strong><em>EINRICHTUNGEN UND SERVICELEISTUNGEN:<\/em><\/strong><em> WLAN in der Hotelhalle und am Pool. Nutzung des ausgestatteten Schwimmbads, Kinderpools, Mehrzweck-Tennis-\/Fu\u00dfballplatzes und Kinderspielplatzes. Nicht bewachter interner Parkplatz. Shuttle-Service (Golfcart mit 14 Sitzpl\u00e4tzen) von 09:00 bis 13:00 Uhr und von 15:00 bis 19:00 Uhr (kein Service samstags).<\/em><\/li><li><strong><em>TAGES- UND ABENDANIMATION<\/em><\/strong><em> <strong>(vom 30.05. bis 11.09.2026): <\/strong>t\u00e4gliches Animationsprogramm mit Sport- und Kontaktaktivit\u00e4ten, Gruppent\u00e4nzen sowie Wellness-Angeboten wie Morgengymnastik, Stretching, Pilates, Aquagym und Aerobic. Abendunterhaltung mit Pianobar oder DJ-Set, Shows, Tanz- und\/oder Theaterabenden.<\/em><\/li><\/ul><p><em>Mini Club (Alter 4\u201310 Jahre) \u2013 Junior Club (Alter 11\u201317 Jahre)<\/em><\/p><ul><li><strong><em>KLEINKINDSERVICE (0\u20132 Jahre): <\/em><\/strong><em>kleines Buffet mit Gem\u00fcsebreien und Suppen.<\/em><\/li><li><strong><em>KINDERSERVICE (3\u201313 Jahre): <\/em><\/strong><em>Spielplatz. Im Restaurant ist auf Anfrage ein Kindermen\u00fc (zweite G\u00e4nge aus den Tagesvorschl\u00e4gen) verf\u00fcgbar.<\/em><\/li><li><strong><em>\u201eKino unter den Sternen\u201c \u2013 <\/em><\/strong><em>ein Abend, der dem Kinder- und Familienkino gewidmet ist, mit Filmvorf\u00fchrungen in unserem Pinienhain.<\/em><\/li><li><strong><em>POOL &amp; \u201eWARM POOL\u201c ge\u00f6ffnet von 09:00 bis 12:30 Uhr und von 14:30 bis 19:00 Uhr.<\/em><\/strong><\/li><\/ul><p><strong><em><u>Nicht im Preis enthalten:<\/u><\/em><\/strong><\/p><ul><li><em>Dosen- und\/oder Flaschengetr\u00e4nke, alkoholische Getr\u00e4nke, Spirituosen sowie alle anderen von Drittherstellern verpackten Produkte.<\/em><\/li><li><strong><em>Kurtaxe f\u00fcr das Jahr 2026 gem\u00e4\u00df den kommunalen Bestimmungen, die auf der offiziellen Website der Gemeinde Peschici ver\u00f6ffentlicht sind.<\/em><\/strong><\/li><\/ul>\t\t\t\t\t\t\t\t<\/div>\n\t\t\t\t<\/div>\n\t\t\t\t\t<\/div>\n\t\t\t\t<\/div>\n\t\t\t\t\t<\/div>\n\t\t\t\t<\/section>\n\t\t\t\t<\/div>\n\t\t","protected":false},"excerpt":{"rendered":"<p>ALLGEMEINE GESCH\u00c4FTSBEDINGUNGEN FUTURA SERVICE s.r.l., mit Sitz in der Via G. Scaramuzzo 25\/B \u2013 71018 Vico del Gargano (FG), USt.-\/Steuernummer\/Handelsregisternr. 04468170719 REA CCIAA FG 330215, nachstehend \u201ePaglianza Hotel\u201c genannt Die Preise verstehen sich ohne die kommunale Kurtaxe. Die Best\u00e4tigung einer Buchung erfordert die Zahlung einer Anzahlung in H\u00f6he von 30 % des Gesamtbetrags des Aufenthalts [&hellip;]<\/p>\n","protected":false},"author":1,"featured_media":0,"parent":0,"menu_order":0,"comment_status":"closed","ping_status":"closed","template":"tpl-default-elementor.php","meta":{"footnotes":""},"class_list":["post-3421","page","type-page","status-publish","hentry"],"yoast_head":"<!-- This site is optimized with the Yoast SEO plugin v27.4 - https:\/\/yoast.com\/product\/yoast-seo-wordpress\/ -->\n<title>Allgemeine bedingungen - Hotel Paglianza<\/title>\n<meta name=\"robots\" content=\"noindex, nofollow\" \/>\n<meta property=\"og:locale\" content=\"de_DE\" \/>\n<meta property=\"og:type\" content=\"article\" \/>\n<meta property=\"og:title\" content=\"Allgemeine bedingungen - Hotel Paglianza\" \/>\n<meta property=\"og:description\" content=\"ALLGEMEINE GESCH\u00c4FTSBEDINGUNGEN FUTURA SERVICE s.r.l., mit Sitz in der Via G. Scaramuzzo 25\/B \u2013 71018 Vico del Gargano (FG), USt.-\/Steuernummer\/Handelsregisternr. 04468170719 REA CCIAA FG 330215, nachstehend \u201ePaglianza Hotel\u201c genannt Die Preise verstehen sich ohne die kommunale Kurtaxe. Die Best\u00e4tigung einer Buchung erfordert die Zahlung einer Anzahlung in H\u00f6he von 30 % des Gesamtbetrags des Aufenthalts [&hellip;]\" \/>\n<meta property=\"og:url\" content=\"https:\/\/www.hotelpaglianza.it\/de\/allgemeine-bedingungen\/\" \/>\n<meta property=\"og:site_name\" content=\"Hotel Paglianza\" \/>\n<meta property=\"article:modified_time\" content=\"2025-10-13T14:51:27+00:00\" \/>\n<meta property=\"og:image\" content=\"https:\/\/www.hotelpaglianza.it\/wp-content\/uploads\/2023\/12\/hotel.jpg\" \/>\n\t<meta property=\"og:image:width\" content=\"800\" \/>\n\t<meta property=\"og:image:height\" content=\"860\" \/>\n\t<meta property=\"og:image:type\" content=\"image\/jpeg\" \/>\n<meta name=\"twitter:card\" content=\"summary_large_image\" \/>\n<script type=\"application\/ld+json\" class=\"yoast-schema-graph\">{\"@context\":\"https:\\\/\\\/schema.org\",\"@graph\":[{\"@type\":\"WebPage\",\"@id\":\"https:\\\/\\\/www.hotelpaglianza.it\\\/de\\\/allgemeine-bedingungen\\\/\",\"url\":\"https:\\\/\\\/www.hotelpaglianza.it\\\/de\\\/allgemeine-bedingungen\\\/\",\"name\":\"Allgemeine bedingungen - Hotel Paglianza\",\"isPartOf\":{\"@id\":\"https:\\\/\\\/www.hotelpaglianza.it\\\/de\\\/#website\"},\"datePublished\":\"2023-12-07T10:23:51+00:00\",\"dateModified\":\"2025-10-13T14:51:27+00:00\",\"breadcrumb\":{\"@id\":\"https:\\\/\\\/www.hotelpaglianza.it\\\/de\\\/allgemeine-bedingungen\\\/#breadcrumb\"},\"inLanguage\":\"de\",\"potentialAction\":[{\"@type\":\"ReadAction\",\"target\":[\"https:\\\/\\\/www.hotelpaglianza.it\\\/de\\\/allgemeine-bedingungen\\\/\"]}]},{\"@type\":\"BreadcrumbList\",\"@id\":\"https:\\\/\\\/www.hotelpaglianza.it\\\/de\\\/allgemeine-bedingungen\\\/#breadcrumb\",\"itemListElement\":[{\"@type\":\"ListItem\",\"position\":1,\"name\":\"Home\",\"item\":\"https:\\\/\\\/www.hotelpaglianza.it\\\/de\\\/\"},{\"@type\":\"ListItem\",\"position\":2,\"name\":\"Allgemeine bedingungen\"}]},{\"@type\":\"WebSite\",\"@id\":\"https:\\\/\\\/www.hotelpaglianza.it\\\/de\\\/#website\",\"url\":\"https:\\\/\\\/www.hotelpaglianza.it\\\/de\\\/\",\"name\":\"Hotel Paglianza\",\"description\":\"\",\"publisher\":{\"@id\":\"https:\\\/\\\/www.hotelpaglianza.it\\\/de\\\/#organization\"},\"alternateName\":\"Hotel per Famiglie Gargano - Paglianza\",\"potentialAction\":[{\"@type\":\"SearchAction\",\"target\":{\"@type\":\"EntryPoint\",\"urlTemplate\":\"https:\\\/\\\/www.hotelpaglianza.it\\\/de\\\/?s={search_term_string}\"},\"query-input\":{\"@type\":\"PropertyValueSpecification\",\"valueRequired\":true,\"valueName\":\"search_term_string\"}}],\"inLanguage\":\"de\"},{\"@type\":\"Organization\",\"@id\":\"https:\\\/\\\/www.hotelpaglianza.it\\\/de\\\/#organization\",\"name\":\"Hotel Paglianza\",\"url\":\"https:\\\/\\\/www.hotelpaglianza.it\\\/de\\\/\",\"logo\":{\"@type\":\"ImageObject\",\"inLanguage\":\"de\",\"@id\":\"https:\\\/\\\/www.hotelpaglianza.it\\\/de\\\/#\\\/schema\\\/logo\\\/image\\\/\",\"url\":\"https:\\\/\\\/www.hotelpaglianza.it\\\/wp-content\\\/uploads\\\/2022\\\/01\\\/logo_paglianza.svg\",\"contentUrl\":\"https:\\\/\\\/www.hotelpaglianza.it\\\/wp-content\\\/uploads\\\/2022\\\/01\\\/logo_paglianza.svg\",\"width\":747,\"height\":220,\"caption\":\"Hotel Paglianza\"},\"image\":{\"@id\":\"https:\\\/\\\/www.hotelpaglianza.it\\\/de\\\/#\\\/schema\\\/logo\\\/image\\\/\"}}]}<\/script>\n<!-- \/ Yoast SEO plugin. -->","yoast_head_json":{"title":"Allgemeine bedingungen - Hotel Paglianza","robots":{"index":"noindex","follow":"nofollow"},"og_locale":"de_DE","og_type":"article","og_title":"Allgemeine bedingungen - Hotel Paglianza","og_description":"ALLGEMEINE GESCH\u00c4FTSBEDINGUNGEN FUTURA SERVICE s.r.l., mit Sitz in der Via G. Scaramuzzo 25\/B \u2013 71018 Vico del Gargano (FG), USt.-\/Steuernummer\/Handelsregisternr. 04468170719 REA CCIAA FG 330215, nachstehend \u201ePaglianza Hotel\u201c genannt Die Preise verstehen sich ohne die kommunale Kurtaxe. Die Best\u00e4tigung einer Buchung erfordert die Zahlung einer Anzahlung in H\u00f6he von 30 % des Gesamtbetrags des Aufenthalts [&hellip;]","og_url":"https:\/\/www.hotelpaglianza.it\/de\/allgemeine-bedingungen\/","og_site_name":"Hotel Paglianza","article_modified_time":"2025-10-13T14:51:27+00:00","og_image":[{"width":800,"height":860,"url":"https:\/\/www.hotelpaglianza.it\/wp-content\/uploads\/2023\/12\/hotel.jpg","type":"image\/jpeg"}],"twitter_card":"summary_large_image","schema":{"@context":"https:\/\/schema.org","@graph":[{"@type":"WebPage","@id":"https:\/\/www.hotelpaglianza.it\/de\/allgemeine-bedingungen\/","url":"https:\/\/www.hotelpaglianza.it\/de\/allgemeine-bedingungen\/","name":"Allgemeine bedingungen - Hotel Paglianza","isPartOf":{"@id":"https:\/\/www.hotelpaglianza.it\/de\/#website"},"datePublished":"2023-12-07T10:23:51+00:00","dateModified":"2025-10-13T14:51:27+00:00","breadcrumb":{"@id":"https:\/\/www.hotelpaglianza.it\/de\/allgemeine-bedingungen\/#breadcrumb"},"inLanguage":"de","potentialAction":[{"@type":"ReadAction","target":["https:\/\/www.hotelpaglianza.it\/de\/allgemeine-bedingungen\/"]}]},{"@type":"BreadcrumbList","@id":"https:\/\/www.hotelpaglianza.it\/de\/allgemeine-bedingungen\/#breadcrumb","itemListElement":[{"@type":"ListItem","position":1,"name":"Home","item":"https:\/\/www.hotelpaglianza.it\/de\/"},{"@type":"ListItem","position":2,"name":"Allgemeine bedingungen"}]},{"@type":"WebSite","@id":"https:\/\/www.hotelpaglianza.it\/de\/#website","url":"https:\/\/www.hotelpaglianza.it\/de\/","name":"Hotel Paglianza","description":"","publisher":{"@id":"https:\/\/www.hotelpaglianza.it\/de\/#organization"},"alternateName":"Hotel per Famiglie Gargano - Paglianza","potentialAction":[{"@type":"SearchAction","target":{"@type":"EntryPoint","urlTemplate":"https:\/\/www.hotelpaglianza.it\/de\/?s={search_term_string}"},"query-input":{"@type":"PropertyValueSpecification","valueRequired":true,"valueName":"search_term_string"}}],"inLanguage":"de"},{"@type":"Organization","@id":"https:\/\/www.hotelpaglianza.it\/de\/#organization","name":"Hotel Paglianza","url":"https:\/\/www.hotelpaglianza.it\/de\/","logo":{"@type":"ImageObject","inLanguage":"de","@id":"https:\/\/www.hotelpaglianza.it\/de\/#\/schema\/logo\/image\/","url":"https:\/\/www.hotelpaglianza.it\/wp-content\/uploads\/2022\/01\/logo_paglianza.svg","contentUrl":"https:\/\/www.hotelpaglianza.it\/wp-content\/uploads\/2022\/01\/logo_paglianza.svg","width":747,"height":220,"caption":"Hotel Paglianza"},"image":{"@id":"https:\/\/www.hotelpaglianza.it\/de\/#\/schema\/logo\/image\/"}}]}},"_links":{"self":[{"href":"https:\/\/www.hotelpaglianza.it\/de\/wp-json\/wp\/v2\/pages\/3421","targetHints":{"allow":["GET"]}}],"collection":[{"href":"https:\/\/www.hotelpaglianza.it\/de\/wp-json\/wp\/v2\/pages"}],"about":[{"href":"https:\/\/www.hotelpaglianza.it\/de\/wp-json\/wp\/v2\/types\/page"}],"author":[{"embeddable":true,"href":"https:\/\/www.hotelpaglianza.it\/de\/wp-json\/wp\/v2\/users\/1"}],"replies":[{"embeddable":true,"href":"https:\/\/www.hotelpaglianza.it\/de\/wp-json\/wp\/v2\/comments?post=3421"}],"version-history":[{"count":17,"href":"https:\/\/www.hotelpaglianza.it\/de\/wp-json\/wp\/v2\/pages\/3421\/revisions"}],"predecessor-version":[{"id":4935,"href":"https:\/\/www.hotelpaglianza.it\/de\/wp-json\/wp\/v2\/pages\/3421\/revisions\/4935"}],"wp:attachment":[{"href":"https:\/\/www.hotelpaglianza.it\/de\/wp-json\/wp\/v2\/media?parent=3421"}],"curies":[{"name":"wp","href":"https:\/\/api.w.org\/{rel}","templated":true}]}}