{"id":3426,"date":"2023-12-07T11:29:18","date_gmt":"2023-12-07T10:29:18","guid":{"rendered":"https:\/\/www.hotelpaglianza.it\/?page_id=3426"},"modified":"2025-10-13T16:51:35","modified_gmt":"2025-10-13T14:51:35","slug":"geschaeftsordnung","status":"publish","type":"page","link":"https:\/\/www.hotelpaglianza.it\/de\/geschaeftsordnung\/","title":{"rendered":"Gesch\u00e4ftsordnung"},"content":{"rendered":"\t\t<div data-elementor-type=\"wp-page\" data-elementor-id=\"3426\" class=\"elementor elementor-3426 elementor-2789\">\n\t\t\t\t<section class=\"elementor-element elementor-element-ce975a7 sec_contacts  contact-form-section light-bg mx-60 border-shape-top border-shape-bottom e-flex e-con-boxed e-con e-parent\" data-id=\"ce975a7\" data-element_type=\"container\" data-e-type=\"container\" id=\"custom_width\" data-settings=\"{&quot;background_background&quot;:&quot;classic&quot;}\">\n\t\t\t\t\t<div class=\"e-con-inner\">\n\t\t<div class=\"elementor-element elementor-element-a158962 e-flex e-con-boxed e-con e-child\" data-id=\"a158962\" data-element_type=\"container\" data-e-type=\"container\">\n\t\t\t\t\t<div class=\"e-con-inner\">\n\t\t\t\t<div class=\"elementor-element elementor-element-c8ccf83 elementor-widget elementor-widget-text-editor\" data-id=\"c8ccf83\" data-element_type=\"widget\" data-e-type=\"widget\" data-widget_type=\"text-editor.default\">\n\t\t\t\t<div class=\"elementor-widget-container\">\n\t\t\t\t\t\t\t\t\t<p>Die Hausordnung des Paglianza Hotels wurde eingerichtet, um allen G\u00e4sten eine geordnete und friedliche Nutzung der Einrichtung zu gew\u00e4hrleisten. Diese Bestimmungen haben vertraglichen Charakter zwischen dem Paglianza Hotel und dem Gast; folglich gilt die Best\u00e4tigung einer Buchung durch den Kunden als vollst\u00e4ndige Annahme der vorliegenden Hausordnung, die an der Rezeption, in den Gemeinschaftsbereichen sowie auf der Website <a href=\"http:\/\/www.hotelpaglianza.it\">www.hotelpaglianza.it<\/a> eingesehen werden kann.<\/p><p>Alle G\u00e4ste sind au\u00dferdem verpflichtet, die auf den Schildern innerhalb des Hotelgel\u00e4ndes und\/oder in den von der Hotelleitung verwalteten Bereichen angegebenen Hinweise zu befolgen.<\/p><p>Die Nichteinhaltung dieser Bestimmungen oder weiterer Anweisungen der Direktion kann zum Ausschluss des Gastes aus der Anlage f\u00fchren.<\/p><p>Jegliche T\u00e4tigkeit, die andere G\u00e4ste st\u00f6ren k\u00f6nnte, ist strengstens untersagt. Eltern (oder gesetzliche Vertreter) haften gesamtschuldnerisch f\u00fcr das Verhalten und die Handlungen ihrer minderj\u00e4hrigen Kinder innerhalb des Hotels, einschlie\u00dflich der ordnungsgem\u00e4\u00dfen Nutzung der Gemeinschaftsbereiche, der vom Hotel zur Verf\u00fcgung gestellten Einrichtungen sowie der Einhaltung der Ruhezeiten.<\/p><p><strong>BETRIEBSZEITEN<\/strong><\/p><p>Ge\u00f6ffnet vom <strong>23. Mai bis 19. September 2026<\/strong><\/p><p><strong>ANKUNFT UND ABREISE<\/strong><\/p><p><strong>CHECK-IN<\/strong><\/p><p>Der Check-in ist ab 10:00 Uhr am Anreisetag m\u00f6glich.<br \/>Die Zimmer werden den G\u00e4sten zur Verf\u00fcgung gestellt, sobald sie bereit sind, sp\u00e4testens jedoch bis 16:30 Uhr.<br \/>Der Strandservice steht ab 12:00 Uhr am Anreisetag bis 12:00 Uhr am Abreisetag zur Verf\u00fcgung, w\u00e4hrend alle anderen Leistungen vom Check-in bis zum Check-out genutzt werden k\u00f6nnen.<\/p><p>Bei der Ankunft m\u00fcssen alle G\u00e4ste (Erwachsene und Kinder) einen g\u00fcltigen Ausweis vorlegen.<br \/>Zur Beschleunigung des Check-in-Vorgangs wird empfohlen, den Bereich \u201eOnline Check-in\u201c in der App zu nutzen.<\/p><p><strong>CHECK-OUT<\/strong><\/p><p>Am Abreisetag m\u00fcssen die G\u00e4ste ihre Zimmer bis sp\u00e4testens 10:00 Uhr r\u00e4umen.<br \/>Etwaige w\u00e4hrend des Aufenthalts entstandene Zusatzkosten sind sp\u00e4testens vierundzwanzig (24) Stunden vor der Abreise zu begleichen.<\/p><p>Bei vorzeitiger Abreise und\/oder nicht eingenommenen Mahlzeiten erfolgt keine R\u00fcckerstattung.<\/p><p><strong>ZIMMER:<\/strong><\/p><p><strong><u>Rauchen ist strengstens verboten.<\/u><\/strong><\/p><p>Die Verwendung nicht genehmigter elektrischer Ger\u00e4te ist untersagt.<br \/>Etwaige Sch\u00e4den an M\u00f6beln oder Ausstattung werden dem verantwortlichen Gast in Rechnung gestellt.<\/p><p><strong>W\u00c4SCHE UND REINIGUNG<\/strong><\/p><p>Bettw\u00e4schewechsel alle 3 Tage.<br \/>Handtuchwechsel t\u00e4glich.<br \/>Zus\u00e4tzliche Wechsel auf Anfrage gegen Aufpreis.<\/p><p><strong>INKLUDIERTE LEISTUNGEN<\/strong><\/p><p>Privater, ausgestatteter Strand (1 Sonnenschirm und zwei Liegen pro Zimmer)<br \/>Kostenloses WLAN in den Gemeinschaftsbereichen (Lobby und Pool)<br \/>Kostenloser interner Parkplatz (nicht bewacht)<br \/>Bar- und Restaurantservice gem\u00e4\u00df den ausgeh\u00e4ngten \u00d6ffnungszeiten<\/p><p><strong>SWIMMINGPOOL<\/strong><\/p><p>\u00d6ffnungszeiten: 09:00 \u2013 12:30 Uhr und 14:30 \u2013 19:00 Uhr<br \/>Badehauben sind Pflicht.<br \/>Kinder d\u00fcrfen den Pool nur in Begleitung eines Erwachsenen benutzen.<br \/>Spr\u00fcnge und gef\u00e4hrliche Spiele sind verboten.<\/p><p><strong>WARM POOL<\/strong><\/p><p>\u00d6ffnungszeiten: 09:00 \u2013 12:30 Uhr und 14:30 \u2013 19:00 Uhr<br \/>Kinder unter 7 Jahren sind nicht zugelassen.<br \/>Kinder von 8 bis 12 Jahren d\u00fcrfen den Pool nur in Begleitung der Eltern nutzen.<br \/>Die Verwendung von Schwimmfl\u00fcgeln, Schwimmreifen oder sonstigen aufblasbaren Ger\u00e4ten ist untersagt.<br \/>Maximale Aufenthaltsdauer pro Durchgang: 20 Minuten (um den Zugang f\u00fcr m\u00f6glichst viele G\u00e4ste zu gew\u00e4hrleisten).<br \/>Maximale Anzahl von G\u00e4sten pro Durchgang: 15 Personen.<\/p><p><strong>AUSFL\u00dcGE:<\/strong><\/p><p>Gef\u00fchrte Touren im Gargano-Gebiet: Meeresgrotten, historische D\u00f6rfer, Umbra-Wald, Tremiti-Inseln.<br \/>Buchungen k\u00f6nnen direkt im Hotel vorgenommen werden.<\/p><p><strong>VERHALTENSREGELN:<\/strong><\/p><p>Nachtruhe von 23:30 Uhr bis 07:30 Uhr.<br \/>W\u00e4hrend dieser Zeit ist Ruhe einzuhalten und die Erholung anderer G\u00e4ste zu respektieren.<br \/>Das Betreten der Anlage durch nicht registrierte Besucher ist strengstens untersagt.<\/p><p><strong>SICHERHEIT<\/strong><\/p><p>Ein Safe steht in jedem Zimmer zur Verf\u00fcgung.<br \/>Das Paglianza Hotel \u00fcbernimmt keine Haftung f\u00fcr Diebst\u00e4hle oder Verluste von unbeaufsichtigten Gegenst\u00e4nden.<br \/>Das Paglianza Hotel haftet nicht f\u00fcr vor\u00fcbergehende Unterbrechungen von Dienstleistungen oder Nebenleistungen aufgrund technischer Probleme oder h\u00f6herer Gewalt; daher besteht kein Anspruch auf R\u00fcckerstattung, und solche Umst\u00e4nde stellen keinen Grund f\u00fcr die Vertragsaufl\u00f6sung dar.<\/p><p><strong>\u00d6FFNUNGSZEITEN DER DIENSTLEISTUNGEN<\/strong><\/p><p>Restaurant:<\/p><ul><li>Fr\u00fchst\u00fcck: 07:30 \u2013 09:30 Uhr<\/li><li>Mittagessen: 12:30 \u2013 14:00 Uhr<\/li><li>Abendessen: 19:30 \u2013 21:00 Uhr<\/li><\/ul><p>Tamerici Beach Bar: 09:00 \u2013 13:00 Uhr \/ 15:00 \u2013 19:00 Uhr<br \/>Bar in der Lobby: 09:30 \u2013 15:00 Uhr \/ 16:30 \u2013 23:30 Uhr<\/p><p>Das Abendanimationsprogramm endet sp\u00e4testens um 23:30 Uhr.<\/p><p><strong>MEERESSICHERHEIT<\/strong><\/p><p>G\u00e4ste sind verpflichtet, die geltenden Gesetze sowie die Vorschriften und Anordnungen der Hafenbeh\u00f6rde zu beachten, die an den Strandzug\u00e4ngen ordnungsgem\u00e4\u00df ausgeh\u00e4ngt sind.<br \/>Den Anweisungen der Rettungsschwimmer ist in jedem Fall Folge zu leisten.<\/p><p><strong>G\u00c4STE MIT HUNDEN<\/strong><\/p><p>Haustiere und kleine bis mittelgro\u00dfe Hunde (bis zu 12 kg) sind im Paglianza Hotel erlaubt.<br \/>Um allen G\u00e4sten einen angenehmen Aufenthalt zu gew\u00e4hrleisten, sind Tierhalter verpflichtet, die folgenden Regeln einzuhalten:<\/p><ul><li>Pro Zimmer ist nur ein Tier erlaubt;<\/li><li>Tiere m\u00fcssen in den Gemeinschaftsbereichen des Hotels an der Leine oder in einer Transportbox gef\u00fchrt werden, gem\u00e4\u00df italienischem Recht (D.P.R. 320\/54 Art. 83);<\/li><li>Der Zutritt von Tieren zum Restaurant ist nicht gestattet (ausgenommen Blindenhunde);<\/li><\/ul><ul><li>Der Zugang von Tieren zum privaten Strand des Hotels ist erlaubt, jedoch nur in der letzten Sonnenschirmreihe;<\/li><\/ul><ul><li>Tierhalter haften f\u00fcr alle materiellen oder k\u00f6rperlichen Sch\u00e4den, die durch ihre Tiere verursacht werden. Das Paglianza Hotel beh\u00e4lt sich das Recht vor, Ersatz f\u00fcr entstandene Kosten, Reparaturen oder Ersatzbeschaffungen zu verlangen;<\/li><li>Aus Sicherheitsgr\u00fcnden wird das Zimmer nicht gereinigt, wenn das Tier unbeaufsichtigt gelassen wurde. Das Tier muss w\u00e4hrend der Reinigung angeleint oder anderweitig gesichert (z. B. K\u00e4fig, Transportbox) sein, auch wenn der Gast anwesend ist;<\/li><\/ul><ul><li>Das Tier darf nicht unbeaufsichtigt im Zimmer bleiben;<\/li><li>Hunde d\u00fcrfen andere G\u00e4ste nicht st\u00f6ren;<\/li><li>Tierhalter m\u00fcssen w\u00e4hrend des Aufenthalts ihres Tieres in der Anlage alle Hygiene- und Gesundheitsvorschriften einhalten;<\/li><\/ul><ul><li>F\u00fcr alle hier nicht ausdr\u00fccklich geregelten F\u00e4lle gilt Artikel 2052 des italienischen Zivilgesetzbuchs \u00fcber die Haftung f\u00fcr Tiere.<\/li><\/ul><p><strong><em>Jeder Versto\u00df gegen diese Bestimmungen f\u00fchrt zur sofortigen Beendigung des Beherbergungsvertrags und zum Ausschluss aus dem Hotel. In diesem Fall ist die Hotelleitung berechtigt, bereits gezahlte Betr\u00e4ge als Schadenersatz einzubehalten.<\/em><\/strong><\/p><p>Aktualisiert am: 15\/10\/2025<\/p><p>Paglianza Hotel<br \/>Loc. Paglianza \u2013 71010 PESCHICI \u2013 Apulien \u2013 Italien<br \/>Tel. +39 0884 911011<br \/>booking@hotelpaglianza.it<\/p>\t\t\t\t\t\t\t\t<\/div>\n\t\t\t\t<\/div>\n\t\t\t\t\t<\/div>\n\t\t\t\t<\/div>\n\t\t\t\t\t<\/div>\n\t\t\t\t<\/section>\n\t\t\t\t<\/div>\n\t\t","protected":false},"excerpt":{"rendered":"<p>Die Hausordnung des Paglianza Hotels wurde eingerichtet, um allen G\u00e4sten eine geordnete und friedliche Nutzung der Einrichtung zu gew\u00e4hrleisten. Diese Bestimmungen haben vertraglichen Charakter zwischen dem Paglianza Hotel und dem Gast; folglich gilt die Best\u00e4tigung einer Buchung durch den Kunden als vollst\u00e4ndige Annahme der vorliegenden Hausordnung, die an der Rezeption, in den Gemeinschaftsbereichen sowie auf [&hellip;]<\/p>\n","protected":false},"author":1,"featured_media":0,"parent":0,"menu_order":0,"comment_status":"closed","ping_status":"closed","template":"tpl-default-elementor.php","meta":{"footnotes":""},"class_list":["post-3426","page","type-page","status-publish","hentry"],"yoast_head":"<!-- This site is optimized with the Yoast SEO plugin v27.1.1 - https:\/\/yoast.com\/product\/yoast-seo-wordpress\/ -->\n<title>Gesch\u00e4ftsordnung - Hotel Paglianza<\/title>\n<meta name=\"robots\" content=\"noindex, nofollow\" \/>\n<meta property=\"og:locale\" content=\"de_DE\" \/>\n<meta property=\"og:type\" content=\"article\" \/>\n<meta property=\"og:title\" content=\"Gesch\u00e4ftsordnung - Hotel Paglianza\" \/>\n<meta property=\"og:description\" content=\"Die Hausordnung des Paglianza Hotels wurde eingerichtet, um allen G\u00e4sten eine geordnete und friedliche Nutzung der Einrichtung zu gew\u00e4hrleisten. Diese Bestimmungen haben vertraglichen Charakter zwischen dem Paglianza Hotel und dem Gast; folglich gilt die Best\u00e4tigung einer Buchung durch den Kunden als vollst\u00e4ndige Annahme der vorliegenden Hausordnung, die an der Rezeption, in den Gemeinschaftsbereichen sowie auf [&hellip;]\" \/>\n<meta property=\"og:url\" content=\"https:\/\/www.hotelpaglianza.it\/de\/geschaeftsordnung\/\" \/>\n<meta property=\"og:site_name\" content=\"Hotel Paglianza\" \/>\n<meta property=\"article:modified_time\" content=\"2025-10-13T14:51:35+00:00\" \/>\n<meta property=\"og:image\" content=\"https:\/\/www.hotelpaglianza.it\/wp-content\/uploads\/2023\/12\/hotel.jpg\" \/>\n\t<meta property=\"og:image:width\" content=\"800\" \/>\n\t<meta property=\"og:image:height\" content=\"860\" \/>\n\t<meta property=\"og:image:type\" content=\"image\/jpeg\" \/>\n<meta name=\"twitter:card\" content=\"summary_large_image\" \/>\n<script type=\"application\/ld+json\" class=\"yoast-schema-graph\">{\"@context\":\"https:\/\/schema.org\",\"@graph\":[{\"@type\":\"WebPage\",\"@id\":\"https:\/\/www.hotelpaglianza.it\/de\/geschaeftsordnung\/\",\"url\":\"https:\/\/www.hotelpaglianza.it\/de\/geschaeftsordnung\/\",\"name\":\"Gesch\u00e4ftsordnung - Hotel Paglianza\",\"isPartOf\":{\"@id\":\"https:\/\/www.hotelpaglianza.it\/de\/#website\"},\"datePublished\":\"2023-12-07T10:29:18+00:00\",\"dateModified\":\"2025-10-13T14:51:35+00:00\",\"breadcrumb\":{\"@id\":\"https:\/\/www.hotelpaglianza.it\/de\/geschaeftsordnung\/#breadcrumb\"},\"inLanguage\":\"de\",\"potentialAction\":[{\"@type\":\"ReadAction\",\"target\":[\"https:\/\/www.hotelpaglianza.it\/de\/geschaeftsordnung\/\"]}]},{\"@type\":\"BreadcrumbList\",\"@id\":\"https:\/\/www.hotelpaglianza.it\/de\/geschaeftsordnung\/#breadcrumb\",\"itemListElement\":[{\"@type\":\"ListItem\",\"position\":1,\"name\":\"Home\",\"item\":\"https:\/\/www.hotelpaglianza.it\/de\/\"},{\"@type\":\"ListItem\",\"position\":2,\"name\":\"Gesch\u00e4ftsordnung\"}]},{\"@type\":\"WebSite\",\"@id\":\"https:\/\/www.hotelpaglianza.it\/de\/#website\",\"url\":\"https:\/\/www.hotelpaglianza.it\/de\/\",\"name\":\"Hotel Paglianza\",\"description\":\"\",\"publisher\":{\"@id\":\"https:\/\/www.hotelpaglianza.it\/de\/#organization\"},\"alternateName\":\"Hotel per Famiglie Gargano - Paglianza\",\"potentialAction\":[{\"@type\":\"SearchAction\",\"target\":{\"@type\":\"EntryPoint\",\"urlTemplate\":\"https:\/\/www.hotelpaglianza.it\/de\/?s={search_term_string}\"},\"query-input\":{\"@type\":\"PropertyValueSpecification\",\"valueRequired\":true,\"valueName\":\"search_term_string\"}}],\"inLanguage\":\"de\"},{\"@type\":\"Organization\",\"@id\":\"https:\/\/www.hotelpaglianza.it\/de\/#organization\",\"name\":\"Hotel Paglianza\",\"url\":\"https:\/\/www.hotelpaglianza.it\/de\/\",\"logo\":{\"@type\":\"ImageObject\",\"inLanguage\":\"de\",\"@id\":\"https:\/\/www.hotelpaglianza.it\/de\/#\/schema\/logo\/image\/\",\"url\":\"https:\/\/www.hotelpaglianza.it\/wp-content\/uploads\/2022\/01\/logo_paglianza.svg\",\"contentUrl\":\"https:\/\/www.hotelpaglianza.it\/wp-content\/uploads\/2022\/01\/logo_paglianza.svg\",\"width\":747,\"height\":220,\"caption\":\"Hotel Paglianza\"},\"image\":{\"@id\":\"https:\/\/www.hotelpaglianza.it\/de\/#\/schema\/logo\/image\/\"}}]}<\/script>\n<!-- \/ Yoast SEO plugin. -->","yoast_head_json":{"title":"Gesch\u00e4ftsordnung - Hotel Paglianza","robots":{"index":"noindex","follow":"nofollow"},"og_locale":"de_DE","og_type":"article","og_title":"Gesch\u00e4ftsordnung - Hotel Paglianza","og_description":"Die Hausordnung des Paglianza Hotels wurde eingerichtet, um allen G\u00e4sten eine geordnete und friedliche Nutzung der Einrichtung zu gew\u00e4hrleisten. Diese Bestimmungen haben vertraglichen Charakter zwischen dem Paglianza Hotel und dem Gast; folglich gilt die Best\u00e4tigung einer Buchung durch den Kunden als vollst\u00e4ndige Annahme der vorliegenden Hausordnung, die an der Rezeption, in den Gemeinschaftsbereichen sowie auf [&hellip;]","og_url":"https:\/\/www.hotelpaglianza.it\/de\/geschaeftsordnung\/","og_site_name":"Hotel Paglianza","article_modified_time":"2025-10-13T14:51:35+00:00","og_image":[{"width":800,"height":860,"url":"https:\/\/www.hotelpaglianza.it\/wp-content\/uploads\/2023\/12\/hotel.jpg","type":"image\/jpeg"}],"twitter_card":"summary_large_image","schema":{"@context":"https:\/\/schema.org","@graph":[{"@type":"WebPage","@id":"https:\/\/www.hotelpaglianza.it\/de\/geschaeftsordnung\/","url":"https:\/\/www.hotelpaglianza.it\/de\/geschaeftsordnung\/","name":"Gesch\u00e4ftsordnung - Hotel Paglianza","isPartOf":{"@id":"https:\/\/www.hotelpaglianza.it\/de\/#website"},"datePublished":"2023-12-07T10:29:18+00:00","dateModified":"2025-10-13T14:51:35+00:00","breadcrumb":{"@id":"https:\/\/www.hotelpaglianza.it\/de\/geschaeftsordnung\/#breadcrumb"},"inLanguage":"de","potentialAction":[{"@type":"ReadAction","target":["https:\/\/www.hotelpaglianza.it\/de\/geschaeftsordnung\/"]}]},{"@type":"BreadcrumbList","@id":"https:\/\/www.hotelpaglianza.it\/de\/geschaeftsordnung\/#breadcrumb","itemListElement":[{"@type":"ListItem","position":1,"name":"Home","item":"https:\/\/www.hotelpaglianza.it\/de\/"},{"@type":"ListItem","position":2,"name":"Gesch\u00e4ftsordnung"}]},{"@type":"WebSite","@id":"https:\/\/www.hotelpaglianza.it\/de\/#website","url":"https:\/\/www.hotelpaglianza.it\/de\/","name":"Hotel Paglianza","description":"","publisher":{"@id":"https:\/\/www.hotelpaglianza.it\/de\/#organization"},"alternateName":"Hotel per Famiglie Gargano - Paglianza","potentialAction":[{"@type":"SearchAction","target":{"@type":"EntryPoint","urlTemplate":"https:\/\/www.hotelpaglianza.it\/de\/?s={search_term_string}"},"query-input":{"@type":"PropertyValueSpecification","valueRequired":true,"valueName":"search_term_string"}}],"inLanguage":"de"},{"@type":"Organization","@id":"https:\/\/www.hotelpaglianza.it\/de\/#organization","name":"Hotel Paglianza","url":"https:\/\/www.hotelpaglianza.it\/de\/","logo":{"@type":"ImageObject","inLanguage":"de","@id":"https:\/\/www.hotelpaglianza.it\/de\/#\/schema\/logo\/image\/","url":"https:\/\/www.hotelpaglianza.it\/wp-content\/uploads\/2022\/01\/logo_paglianza.svg","contentUrl":"https:\/\/www.hotelpaglianza.it\/wp-content\/uploads\/2022\/01\/logo_paglianza.svg","width":747,"height":220,"caption":"Hotel Paglianza"},"image":{"@id":"https:\/\/www.hotelpaglianza.it\/de\/#\/schema\/logo\/image\/"}}]}},"_links":{"self":[{"href":"https:\/\/www.hotelpaglianza.it\/de\/wp-json\/wp\/v2\/pages\/3426","targetHints":{"allow":["GET"]}}],"collection":[{"href":"https:\/\/www.hotelpaglianza.it\/de\/wp-json\/wp\/v2\/pages"}],"about":[{"href":"https:\/\/www.hotelpaglianza.it\/de\/wp-json\/wp\/v2\/types\/page"}],"author":[{"embeddable":true,"href":"https:\/\/www.hotelpaglianza.it\/de\/wp-json\/wp\/v2\/users\/1"}],"replies":[{"embeddable":true,"href":"https:\/\/www.hotelpaglianza.it\/de\/wp-json\/wp\/v2\/comments?post=3426"}],"version-history":[{"count":24,"href":"https:\/\/www.hotelpaglianza.it\/de\/wp-json\/wp\/v2\/pages\/3426\/revisions"}],"predecessor-version":[{"id":4941,"href":"https:\/\/www.hotelpaglianza.it\/de\/wp-json\/wp\/v2\/pages\/3426\/revisions\/4941"}],"wp:attachment":[{"href":"https:\/\/www.hotelpaglianza.it\/de\/wp-json\/wp\/v2\/media?parent=3426"}],"curies":[{"name":"wp","href":"https:\/\/api.w.org\/{rel}","templated":true}]}}